{"id":433,"date":"2023-03-21T20:22:23","date_gmt":"2023-03-21T20:22:23","guid":{"rendered":"https:\/\/www.monmifish.com.ec\/?post_type=product&#038;p=433"},"modified":"2023-03-21T20:22:23","modified_gmt":"2023-03-21T20:22:23","slug":"pampano-butterfish","status":"publish","type":"product","link":"https:\/\/www.monmifish.com.ec\/?product=pampano-butterfish","title":{"rendered":"P\u00e1mpano\/Butterfish"},"content":{"rendered":"","protected":false},"excerpt":{"rendered":"<p>Descripci\u00f3n: P\u00e1mpano\/Butterfish<\/p>\n<p>Nombre cient\u00edfico: Peprilus medius<\/p>\n<p>Especie: Pel\u00e1gicos<\/p>\n<p>\u00c1rea de pesca: Oc\u00e9ano pac\u00edfico zona FAO 87<\/p>\n<p>Temporada de pesca: Todo el a\u00f1o<\/p>\n<p>Tallas: 80-100\/100-150\/150-200\/200 UP gr.<\/p>\n<p>Presentaci\u00f3n: Bloque\/entero<\/p>\n","protected":false},"featured_media":434,"template":"","meta":[],"product_cat":[16],"product_tag":[],"class_list":{"0":"post-433","1":"product","2":"type-product","3":"status-publish","4":"has-post-thumbnail","6":"product_cat-pescados","8":"entry","9":"has-media","11":"first","12":"instock","13":"shipping-taxable","14":"product-type-simple","15":"has-product-nav","16":"col","17":"span_1_of_3","18":"owp-content-center","19":"owp-thumbs-layout-horizontal","20":"owp-btn-normal","21":"owp-tabs-layout-horizontal","22":"has-no-thumbnails"},"_links":{"self":[{"href":"https:\/\/www.monmifish.com.ec\/index.php?rest_route=\/wp\/v2\/product\/433","targetHints":{"allow":["GET"]}}],"collection":[{"href":"https:\/\/www.monmifish.com.ec\/index.php?rest_route=\/wp\/v2\/product"}],"about":[{"href":"https:\/\/www.monmifish.com.ec\/index.php?rest_route=\/wp\/v2\/types\/product"}],"wp:featuredmedia":[{"embeddable":true,"href":"https:\/\/www.monmifish.com.ec\/index.php?rest_route=\/wp\/v2\/media\/434"}],"wp:attachment":[{"href":"https:\/\/www.monmifish.com.ec\/index.php?rest_route=%2Fwp%2Fv2%2Fmedia&parent=433"}],"wp:term":[{"taxonomy":"product_cat","embeddable":true,"href":"https:\/\/www.monmifish.com.ec\/index.php?rest_route=%2Fwp%2Fv2%2Fproduct_cat&post=433"},{"taxonomy":"product_tag","embeddable":true,"href":"https:\/\/www.monmifish.com.ec\/index.php?rest_route=%2Fwp%2Fv2%2Fproduct_tag&post=433"}],"curies":[{"name":"wp","href":"https:\/\/api.w.org\/{rel}","templated":true}]}}