{"id":437,"date":"2023-03-21T20:23:38","date_gmt":"2023-03-21T20:23:38","guid":{"rendered":"https:\/\/www.monmifish.com.ec\/?post_type=product&#038;p=437"},"modified":"2023-03-21T20:24:05","modified_gmt":"2023-03-21T20:24:05","slug":"corbata-ribbonfish","status":"publish","type":"product","link":"https:\/\/www.monmifish.com.ec\/?product=corbata-ribbonfish","title":{"rendered":"Corbata\/Ribbonfish"},"content":{"rendered":"","protected":false},"excerpt":{"rendered":"<ul>\n<li>Descripci\u00f3n: Corbata\/Ribbonfish<\/li>\n<li>Nombre cient\u00edfico: Trichiurus lepturus<\/li>\n<li>Especie: Pel\u00e1gicos<\/li>\n<li>\u00c1rea de pesca: Oc\u00e9ano pac\u00edfico zona FAO 87<\/li>\n<li>Temporada de pesca: Enero a agosto<\/li>\n<li>Tallas: 200-300\/300-400\/400-500\/500-700\/ 700 UP gr.<\/li>\n<li>Presentaci\u00f3n: Bloque\/entero<\/li>\n<\/ul>\n","protected":false},"featured_media":438,"template":"","meta":[],"product_cat":[16],"product_tag":[],"class_list":{"0":"post-437","1":"product","2":"type-product","3":"status-publish","4":"has-post-thumbnail","6":"product_cat-pescados","8":"entry","9":"has-media","11":"first","12":"instock","13":"shipping-taxable","14":"product-type-simple","15":"has-product-nav","16":"col","17":"span_1_of_3","18":"owp-content-center","19":"owp-thumbs-layout-horizontal","20":"owp-btn-normal","21":"owp-tabs-layout-horizontal","22":"has-no-thumbnails"},"_links":{"self":[{"href":"https:\/\/www.monmifish.com.ec\/index.php?rest_route=\/wp\/v2\/product\/437","targetHints":{"allow":["GET"]}}],"collection":[{"href":"https:\/\/www.monmifish.com.ec\/index.php?rest_route=\/wp\/v2\/product"}],"about":[{"href":"https:\/\/www.monmifish.com.ec\/index.php?rest_route=\/wp\/v2\/types\/product"}],"wp:featuredmedia":[{"embeddable":true,"href":"https:\/\/www.monmifish.com.ec\/index.php?rest_route=\/wp\/v2\/media\/438"}],"wp:attachment":[{"href":"https:\/\/www.monmifish.com.ec\/index.php?rest_route=%2Fwp%2Fv2%2Fmedia&parent=437"}],"wp:term":[{"taxonomy":"product_cat","embeddable":true,"href":"https:\/\/www.monmifish.com.ec\/index.php?rest_route=%2Fwp%2Fv2%2Fproduct_cat&post=437"},{"taxonomy":"product_tag","embeddable":true,"href":"https:\/\/www.monmifish.com.ec\/index.php?rest_route=%2Fwp%2Fv2%2Fproduct_tag&post=437"}],"curies":[{"name":"wp","href":"https:\/\/api.w.org\/{rel}","templated":true}]}}