{"id":439,"date":"2023-03-21T20:26:55","date_gmt":"2023-03-21T20:26:55","guid":{"rendered":"https:\/\/www.monmifish.com.ec\/?post_type=product&#038;p=439"},"modified":"2023-03-21T20:26:56","modified_gmt":"2023-03-21T20:26:56","slug":"hojita-bumperfish","status":"publish","type":"product","link":"https:\/\/www.monmifish.com.ec\/?product=hojita-bumperfish","title":{"rendered":"Hojita\/Bumperfish"},"content":{"rendered":"","protected":false},"excerpt":{"rendered":"<ul>\n<li>Descripci\u00f3n: Hojita\/Bumperfish<\/li>\n<li>Nombre cient\u00edfico: Chloroscombrus orqueta<\/li>\n<li>Especie: Pel\u00e1gicos<\/li>\n<li>\u00c1rea de pesca: Oc\u00e9ano pac\u00edfico zona FAO 87<\/li>\n<li>Temporada de pesca: Todo el a\u00f1o<\/li>\n<li>Tallas: 80-100\/100-150\/150-200\/ 200UP gr.<\/li>\n<li>Presentaci\u00f3n: Bloque\/entero<\/li>\n<\/ul>\n","protected":false},"featured_media":440,"template":"","meta":[],"product_cat":[16],"product_tag":[],"class_list":{"0":"post-439","1":"product","2":"type-product","3":"status-publish","4":"has-post-thumbnail","6":"product_cat-pescados","8":"entry","9":"has-media","11":"first","12":"instock","13":"shipping-taxable","14":"product-type-simple","15":"has-product-nav","16":"col","17":"span_1_of_3","18":"owp-content-center","19":"owp-thumbs-layout-horizontal","20":"owp-btn-normal","21":"owp-tabs-layout-horizontal","22":"has-no-thumbnails"},"_links":{"self":[{"href":"https:\/\/www.monmifish.com.ec\/index.php?rest_route=\/wp\/v2\/product\/439","targetHints":{"allow":["GET"]}}],"collection":[{"href":"https:\/\/www.monmifish.com.ec\/index.php?rest_route=\/wp\/v2\/product"}],"about":[{"href":"https:\/\/www.monmifish.com.ec\/index.php?rest_route=\/wp\/v2\/types\/product"}],"wp:featuredmedia":[{"embeddable":true,"href":"https:\/\/www.monmifish.com.ec\/index.php?rest_route=\/wp\/v2\/media\/440"}],"wp:attachment":[{"href":"https:\/\/www.monmifish.com.ec\/index.php?rest_route=%2Fwp%2Fv2%2Fmedia&parent=439"}],"wp:term":[{"taxonomy":"product_cat","embeddable":true,"href":"https:\/\/www.monmifish.com.ec\/index.php?rest_route=%2Fwp%2Fv2%2Fproduct_cat&post=439"},{"taxonomy":"product_tag","embeddable":true,"href":"https:\/\/www.monmifish.com.ec\/index.php?rest_route=%2Fwp%2Fv2%2Fproduct_tag&post=439"}],"curies":[{"name":"wp","href":"https:\/\/api.w.org\/{rel}","templated":true}]}}